{"id":904,"date":"2019-10-29T11:43:49","date_gmt":"2019-10-29T11:43:49","guid":{"rendered":"http:\/\/ordon.space\/?page_id=904"},"modified":"2019-11-20T10:53:01","modified_gmt":"2019-11-20T10:53:01","slug":"personalizacja","status":"publish","type":"page","link":"https:\/\/elgraf.szczecin.pl\/index.php\/personalizacja\/","title":{"rendered":"Personalizacja"},"content":{"rendered":"\n<div class=\"wp-block-themeisle-blocks-advanced-columns has-2-columns has-desktop-equal-layout has-tablet-equal-layout has-mobile-collapsedRows-layout has-default-gap has-vertical-unset\" id=\"wp-block-themeisle-blocks-advanced-columns-0ba98ac1\" style=\"border-width:0px;border-style:solid;border-color:#000000;border-radius:0px;justify-content:unset\"><div class=\"wp-themeisle-block-overlay\" style=\"opacity:0.5;mix-blend-mode:normal\"><\/div><div class=\"innerblocks-wrap\">\n<div class=\"wp-block-themeisle-blocks-advanced-column\" id=\"wp-block-themeisle-blocks-advanced-column-afd1bfdc\" style=\"border-width:0px;border-style:solid;border-color:#000000;border-radius:0px\">\n<p>Folie flex (g\u0142adkie) lub flock (z meszkiem) znajduj\u0105 zastosowanie przy znakowaniu tkanin relatywnie prostymi wzorami (litery, cyfry, nieskomplikowane grafiki wektorowe), minimalne koszty przygotowania sprawiaj\u0105, ze jest to \u015bwietna technika znajduj\u0105ca zastosowanie przy niskich nak\u0142adach wr\u0119cz jednostkowych. Personalizacja czy numeracja nie jest problemem cho\u0107 paleta barw jest ograniczona. Wgrzane pras\u0105 folie charakteryzuj\u0105 si\u0119 estetyk\u0105, idealnym kryciem powierzchni, wyrazisto\u015bci\u0105 kolor\u00f3w, sta\u0142o\u015bci\u0105 barw oraz wysok\u0105 odporno\u015bci\u0105 na \u015bcieranie i spieranie. T\u0105 technik\u0119 stosujemy na: t-sherty, bluzy, kurtki, spodnie, szaliki, apaszki, czapki, daszki, odzie\u017c robocz\u0105, sportow\u0105, mundurow\u0105, torby reklamowe, sportowe, turystyczne, krawaty, smycze i inne artyku\u0142y z tkanin lub powleczone nimi. Konieczna jest odporno\u015b\u0107 na wgrzewanie oraz odpowiedni dost\u0119p.<\/p>\n<\/div>\n\n\n\n<div class=\"wp-block-themeisle-blocks-advanced-column\" id=\"wp-block-themeisle-blocks-advanced-column-73196be3\" style=\"border-width:0px;border-style:solid;border-color:#000000;border-radius:0px\">\n<figure class=\"wp-block-image size-large\"><img decoding=\"async\" src=\"http:\/\/ordon.space\/wp-content\/uploads\/2019\/10\/soczewka-1024x619.png\" alt=\"\" class=\"wp-image-873\"\/><\/figure>\n<\/div>\n<\/div><\/div>\n\n\n\n<p><\/p>\n","protected":false},"excerpt":{"rendered":"","protected":false},"author":2,"featured_media":940,"parent":0,"menu_order":0,"comment_status":"closed","ping_status":"closed","template":"","meta":{"footnotes":""},"class_list":["post-904","page","type-page","status-publish","has-post-thumbnail","hentry"],"_links":{"self":[{"href":"https:\/\/elgraf.szczecin.pl\/index.php\/wp-json\/wp\/v2\/pages\/904","targetHints":{"allow":["GET"]}}],"collection":[{"href":"https:\/\/elgraf.szczecin.pl\/index.php\/wp-json\/wp\/v2\/pages"}],"about":[{"href":"https:\/\/elgraf.szczecin.pl\/index.php\/wp-json\/wp\/v2\/types\/page"}],"author":[{"embeddable":true,"href":"https:\/\/elgraf.szczecin.pl\/index.php\/wp-json\/wp\/v2\/users\/2"}],"replies":[{"embeddable":true,"href":"https:\/\/elgraf.szczecin.pl\/index.php\/wp-json\/wp\/v2\/comments?post=904"}],"version-history":[{"count":5,"href":"https:\/\/elgraf.szczecin.pl\/index.php\/wp-json\/wp\/v2\/pages\/904\/revisions"}],"predecessor-version":[{"id":942,"href":"https:\/\/elgraf.szczecin.pl\/index.php\/wp-json\/wp\/v2\/pages\/904\/revisions\/942"}],"wp:featuredmedia":[{"embeddable":true,"href":"https:\/\/elgraf.szczecin.pl\/index.php\/wp-json\/wp\/v2\/media\/940"}],"wp:attachment":[{"href":"https:\/\/elgraf.szczecin.pl\/index.php\/wp-json\/wp\/v2\/media?parent=904"}],"curies":[{"name":"wp","href":"https:\/\/api.w.org\/{rel}","templated":true}]}}