{"id":3,"date":"2019-07-18T17:25:34","date_gmt":"2019-07-18T17:25:34","guid":{"rendered":"http:\/\/ordon.space\/?page_id=3"},"modified":"2019-07-18T18:13:51","modified_gmt":"2019-07-18T18:13:51","slug":"privacy-policy","status":"publish","type":"page","link":"https:\/\/elgraf.szczecin.pl\/index.php\/privacy-policy\/","title":{"rendered":"Polityka prywatno\u015bci"},"content":{"rendered":"\n<h3 class=\"wp-block-heading\">WST\u0118P<\/h3>\n\n\n\n<p>Prywatno\u015b\u0107 os\u00f3b odwiedzaj\u0105cych nasze serwisy jest chroniona na zasadach okre\u015blonych w Ustawie z dnia 29 sierpnia 1997 r. o ochronie danych osobowych (Dz. U. z 2002 r. Nr 101 poz. 926 ze zm.) oraz Rozporz\u0105dzenia Parlamentu Europejskiego i Rady 2016\/679 z dnia 27 kwietnia 2016 r. w sprawie ochrony os\u00f3b fizycznych w zwi\u0105zku z przetwarzaniem danych osobowych i w sprawie swobodnego przep\u0142ywu takich danych oraz uchylenia dyrektywy 95\/46\/WE (og\u00f3lne rozporz\u0105dzenie o ochronie danych). ELGRAF przyk\u0142ada szczeg\u00f3ln\u0105 wag\u0119 do poszanowania prywatno\u015bci u\u017cytkownik\u00f3w swoich serwis\u00f3w internetowych i nie zabiega o ich identyfikacj\u0119.<\/p>\n\n\n\n<h3 class=\"wp-block-heading\">INFORMACJE O ADMINISTRATORZE DANYCH OSOBOWYCH<\/h3>\n\n\n\n<p>Administratorem Pa\u0144stwa danych osobowych jest ELGRAF z siedzib\u0105 w Szczecinie (71-635), ul. E. Plater 86. Z Administratorem mo\u017cna skontaktowa\u0107 si\u0119 poprzez adres e-mail:&nbsp;<strong><a href=\"mailto:elgraf@elgraf.szczecin.pl\">elgraf@elgraf.szczecin.pl<\/a><\/strong>.<\/p>\n\n\n\n<h3 class=\"wp-block-heading\">PRZETWARZANIE ZG\u0141OSZE\u0143 DOTYCZ\u0104CYCH DANYCH OSOBOWYCH<\/h3>\n\n\n\n<p>Pa\u0144stwa dane osobowe b\u0119d\u0105 przetwarzane w celu rozpatrzenia zg\u0142oszenia dotycz\u0105cego danych osobowych. Podstaw\u0105 prawn\u0105 przetwarzania danych jest wykonanie obowi\u0105zku prawnego polegaj\u0105cego na konieczno\u015bci rozpatrzenia Pa\u0144stwa zg\u0142oszenia (art. 6 ust. 1 lit. c RODO).<\/p>\n\n\n\n<p>Podanie danych jest dobrowolne, jednak konieczne do rozpatrzenia zg\u0142oszenia.<\/p>\n\n\n\n<p>Pa\u0144stwa dane nie b\u0119d\u0105 wykorzystywane do podejmowania zautomatyzowanych decyzji, w tym profilowania.<\/p>\n\n\n\n<h3 class=\"wp-block-heading\">OKRES PRZECHOWYWANIA DANYCH OSOBOWYCH<\/h3>\n\n\n\n<p>Pa\u0144stwa dane b\u0119d\u0105 przechowywane do up\u0142ywu terminu przedawnienia roszcze\u0144 dotycz\u0105cych realizacji praw os\u00f3b wykonywanych na gruncie przepis\u00f3w o ochronie danych osobowych.<\/p>\n\n\n\n<h3 class=\"wp-block-heading\">UJAWNIANIE DANYCH OSOBOWYCH<\/h3>\n\n\n\n<p>Dost\u0119p do Pa\u0144stwa danych b\u0119d\u0105 mie\u0107 nasi pracownicy rozpatruj\u0105cy zg\u0142oszenie oraz podmioty wsp\u00f3\u0142pracuj\u0105ce z Administratorem, takie jak dostawcy us\u0142ug IT, dostawcy us\u0142ug telekomunikacyjnych, operatorzy pocztowi, podmioty archiwizuj\u0105ce lub usuwaj\u0105ce dane, doradcy zewn\u0119trzni, kancelarie prawne w zakresie koniecznym w celu obs\u0142ugi zg\u0142oszenia.<\/p>\n\n\n\n<h3 class=\"wp-block-heading\">PRAWA OSOBY, KT\u00d3REJ DANE DOTYCZ\u0104<\/h3>\n\n\n\n<p>Przys\u0142uguje Pa\u0144stwu prawo do:<\/p>\n\n\n\n<ul class=\"wp-block-list\"><li>\u017c\u0105dania dost\u0119pu do danych osobowych, ich sprostowania, usuni\u0119cia lub ograniczenia,<\/li><li>wniesienia skargi do Prezesa Urz\u0119du Ochrony Danych Osobowych dotycz\u0105cej przetwarzania przez nas Pa\u0144stwa danych osobowych.<\/li><\/ul>\n\n\n\n<h3 class=\"wp-block-heading\">POLITYKA PLIK\u00d3W COOKIES \u201eCIASTECZEK\u201d<\/h3>\n\n\n\n<p>Nazwy i rodzaje plik\u00f3w cookies wykorzystywanych przez nasz\u0105 stron\u0119 www:<\/p>\n\n\n\n<ul class=\"wp-block-list\"><li>Analityczne \u2013 wykorzystywane do opracowywania anonimowych statystyk korzystania z serwisu.<\/li><li>Funkcjonalne \u2013 wymagane do prawid\u0142owego dzia\u0142ania strony i przechowywania informacji dotycz\u0105cych sesji u\u017cytkownika. S\u0105 zwi\u0105zane z obs\u0142ug\u0105 i przegl\u0105daniem strony.<\/li><li>Reklamowe \u2013 wykorzystywane do wy\u015bwietlania reklam i personalizowania ich tre\u015bci i ofert pod u\u017cytkownika.<\/li><li>Zwi\u0105zane z social media \u2013 wykorzystywane do obs\u0142ugi funkcji wynikaj\u0105cych z integracji z portalami spo\u0142eczno\u015bciowymi takimi jak Facebook, Google +, Twitter itp.<\/li><\/ul>\n\n\n\n<h3 class=\"wp-block-heading\">CEL WYKORZYSTYWANIA PLIK\u00d3W COOKIES PRZEZ NASZ\u0104 STRON\u0118 WWW<\/h3>\n\n\n\n<p>Te pliki umo\u017cliwiaj\u0105 lepsze poznanie sposobu interakcji u\u017cytkownika w zakresie zawarto\u015bci Serwisu, aby lepiej zorganizowa\u0107 jego uk\u0142ad. Gromadz\u0105 informacje o sposobie korzystania z Serwisu przez u\u017cytkownik\u00f3w, typie strony, z jakiej u\u017cytkownik zosta\u0142 przekierowany, oraz liczbie odwiedzin i czasie wizyty u\u017cytkownika na tej stronie. Pliki cookies pozwalaj\u0105 dostosowa\u0107 Serwis do preferencji u\u017cytkownika poprzez okre\u015blenie urz\u0105dzenia dost\u0119powego i zapami\u0119tywanie wcze\u015bniej wybranych opcji wy\u015bwietlania strony. Wykorzystywane s\u0105 tak\u017ce do opracowywania statystyk, kt\u00f3re s\u0142u\u017c\u0105 do optymalizowania tre\u015bci serwisu.<\/p>\n\n\n\n<p>Zgodnie z obowi\u0105zuj\u0105cymi przepisami ustawy z dnia 16 lipca 2004 r. Prawo telekomunikacyjne (Dz. U. nr 171, poz. 1800 z p\u00f3\u017an. zm.) u\u017cytkownik ma prawo zadecydowania w zakresie dost\u0119pu plik\u00f3w cookies do swojego komputera poprzez ich uprzedni wyb\u00f3r w oknie swojej przegl\u0105darki.<br>Jak zarz\u0105dza\u0107 plikami cookies w popularnych przegl\u0105darkach?<\/p>\n\n\n\n<ul class=\"wp-block-list\"><li><a href=\"http:\/\/support.mozilla.org\/pl\/kb\/ciasteczka\">Mozilla Firefox:<\/a><\/li><li><a href=\"http:\/\/support.microsoft.com\/kb\/278835\/pl\">Internet Explorer<\/a><\/li><li><a href=\"http:\/\/support.google.com\/chrome\/bin\/answer.py?hl=pl&amp;answer=95647\">Google Chrome<\/a><\/li><li><a href=\"http:\/\/safari.helpmax.net\/pl\/oszczedzanie-czasu\/blokowanie-zawartosci\/\">Safari<\/a><\/li><li><a href=\"http:\/\/help.opera.com\/Linux\/9.22\/pl\/cookies.html\">Opera<\/a><\/li><\/ul>\n\n\n\n<h3 class=\"wp-block-heading\">STRONY INNE NI\u017b NALE\u017b\u0104CE DO ELGRAF<\/h3>\n\n\n\n<p>Na serwisach nale\u017c\u0105cych do ELGRAF znajduj\u0105 si\u0119 odno\u015bniki do zewn\u0119trznych stron WWW, za kt\u00f3re nie mo\u017cemy ponosi\u0107 odpowiedzialno\u015bci co do zasad zachowania prywatno\u015bci obowi\u0105zuj\u0105cych na tych stronach. Prosimy po przej\u015bciu na inne strony o zapoznanie si\u0119 z ustalan\u0105 dla nich polityk\u0105 prywatno\u015bci i plik\u00f3w cookies. Niniejsza polityka prywatno\u015bci i plik\u00f3w cookies dotyczy tylko serwis\u00f3w nale\u017c\u0105cych do ELGRAF.<\/p>\n\n\n\n<h3 class=\"wp-block-heading\">DODATKOWE INFORMACJE<\/h3>\n\n\n\n<p>Je\u017celi potrzebuj\u0105 Pa\u0144stwo dodatkowych informacji na temat Pa\u0144stwa danych osobowych, sposobu ich zabezpieczenia lub mo\u017cliwo\u015bci ich zaktualizowania lub usuni\u0119cia mog\u0105 je Pa\u0144stwo uzyska\u0107 kontaktuj\u0105c si\u0119 z nami pod adresem&nbsp;<strong><a href=\"mailto:elgraf@elgraf.szczecin.pl\">elgraf@elgraf.szczecin.pl<\/a><\/strong>.<\/p>\n\n\n\n<p>ELGRAF zastrzega mo\u017cliwo\u015b\u0107 zmiany podanych tutaj informacji poprzez wprowadzenie modyfikacji do powy\u017cszego zapisu.<\/p>\n","protected":false},"excerpt":{"rendered":"<p>WST\u0118P Prywatno\u015b\u0107 os\u00f3b odwiedzaj\u0105cych nasze serwisy jest chroniona na zasadach okre\u015blonych w Ustawie z dnia 29 sierpnia 1997 r. o [&hellip;]<\/p>\n","protected":false},"author":1,"featured_media":0,"parent":0,"menu_order":0,"comment_status":"closed","ping_status":"open","template":"","meta":{"footnotes":""},"class_list":["post-3","page","type-page","status-publish","hentry"],"_links":{"self":[{"href":"https:\/\/elgraf.szczecin.pl\/index.php\/wp-json\/wp\/v2\/pages\/3","targetHints":{"allow":["GET"]}}],"collection":[{"href":"https:\/\/elgraf.szczecin.pl\/index.php\/wp-json\/wp\/v2\/pages"}],"about":[{"href":"https:\/\/elgraf.szczecin.pl\/index.php\/wp-json\/wp\/v2\/types\/page"}],"author":[{"embeddable":true,"href":"https:\/\/elgraf.szczecin.pl\/index.php\/wp-json\/wp\/v2\/users\/1"}],"replies":[{"embeddable":true,"href":"https:\/\/elgraf.szczecin.pl\/index.php\/wp-json\/wp\/v2\/comments?post=3"}],"version-history":[{"count":2,"href":"https:\/\/elgraf.szczecin.pl\/index.php\/wp-json\/wp\/v2\/pages\/3\/revisions"}],"predecessor-version":[{"id":11,"href":"https:\/\/elgraf.szczecin.pl\/index.php\/wp-json\/wp\/v2\/pages\/3\/revisions\/11"}],"wp:attachment":[{"href":"https:\/\/elgraf.szczecin.pl\/index.php\/wp-json\/wp\/v2\/media?parent=3"}],"curies":[{"name":"wp","href":"https:\/\/api.w.org\/{rel}","templated":true}]}}