{"id":21,"date":"2019-07-18T18:23:34","date_gmt":"2019-07-18T18:23:34","guid":{"rendered":"http:\/\/ordon.space\/?page_id=21"},"modified":"2019-10-29T09:50:33","modified_gmt":"2019-10-29T09:50:33","slug":"opracowania-graficzne","status":"publish","type":"page","link":"https:\/\/elgraf.szczecin.pl\/index.php\/opracowania-graficzne\/","title":{"rendered":"Opracowania graficzne"},"content":{"rendered":"\t\t<div data-elementor-type=\"wp-page\" data-elementor-id=\"21\" class=\"elementor elementor-21\">\n\t\t\t\t\t\t<section class=\"elementor-section elementor-top-section elementor-element elementor-element-1a709bec elementor-section-boxed elementor-section-height-default elementor-section-height-default\" data-id=\"1a709bec\" data-element_type=\"section\">\n\t\t\t\t\t\t<div class=\"elementor-container elementor-column-gap-default\">\n\t\t\t\t\t<div class=\"elementor-column elementor-col-100 elementor-top-column elementor-element elementor-element-78d97fba\" data-id=\"78d97fba\" data-element_type=\"column\">\n\t\t\t<div class=\"elementor-widget-wrap elementor-element-populated\">\n\t\t\t\t\t\t<div class=\"elementor-element elementor-element-5e60917a elementor-widget elementor-widget-text-editor\" data-id=\"5e60917a\" data-element_type=\"widget\" data-widget_type=\"text-editor.default\">\n\t\t\t\t<div class=\"elementor-widget-container\">\n\t\t\t\t\t\t\t\t\t<p><span style=\"color: #ffffff;\"><\/span><\/p>\n<p class=\"ticss-82b2ed5e\"><span style=\"color: #333300;\">Wszelkie prace poligraficzne, kt\u00f3rych celem jest druk w dowolnych rozmiarach musi przej\u015b\u0107 proces obr\u00f3bki i przygotowania do druku. Bez tego procesu nawet najlepsze wizualnie prace stworzone niezgodnie z za\u0142o\u017ceniami drukarni po wydruku mog\u0105 okaza\u0107 si\u0119 du\u017co gorsze ni\u017c te widoczne na monitorze. Aby procesy produkcji i wydruku wsp\u00f3\u0142gra\u0142y ze sob\u0105, nale\u017cy przeprowadzi\u0107 na elementach wektorowych i rastrowych wiele czynno\u015bci poprawkowych. Tej specyficznej wiedzy nie mo\u017cna nauczy\u0107 si\u0119 bez wielu lat nauki i praktyki. Posiadamy odpowiednie do\u015bwiadczenie w procesie przygotowywania projekt\u00f3w graficznych do druku.<\/span><br \/><span style=\"color: #333300;\">Realizujmy standardowe projekty dla druku pocz\u0105wszy od tworzenia grafiki np. logotyp\u00f3w, przez wektoryzacj\u0119 dostarczonej grafiki, rasteryzacj\u0119 je\u015bli zajdzie taka potrzeba oraz dostosowanie dla potrzeb konkretnych rozwi\u0105za\u0144 poligraficznych. Efektem ko\u0144cowym jest druk klisz s\u0142u\u017c\u0105cych do na\u015bwietlania matryc lub siatek. Drukujemy je we w\u0142asnym zakresie co skraca proces przygotowania, a dzi\u0119ki RIP-owi jako\u015b\u0107 jest por\u00f3wnywalna z na\u015bwietlarkami. <\/span><br \/><span style=\"color: #333300;\">S\u0142u\u017cymy doradztwem w zakresie doboru grafiki dla konkretnych zdobie\u0144, znakowa\u0144 zgodnie z \u017cyczeniem i potrzebami klienta.<\/span><span style=\"color: #333300;\"><br \/><\/span><\/p>\n<p class=\"ticss-82b2ed5e\"><span style=\"color: #333300;\">Mamy nadziej\u0119, \u017ce poziom rozwi\u0105za\u0144 graficznych (pocz\u0105wszy od projektu po druk), szybkie terminy realizacji i rozs\u0105dne ceny spe\u0142ni\u0105 Pa\u0144stwa oczekiwania.<\/span><\/p>\n<p><span style=\"color: #ffffff;\"><\/span><\/p>\t\t\t\t\t\t\t\t<\/div>\n\t\t\t\t<\/div>\n\t\t\t\t\t<\/div>\n\t\t<\/div>\n\t\t\t\t\t<\/div>\n\t\t<\/section>\n\t\t\t\t<\/div>\n\t\t","protected":false},"excerpt":{"rendered":"<p>Wszelkie prace poligraficzne, kt\u00f3rych celem jest druk w dowolnych rozmiarach musi przej\u015b\u0107 proces obr\u00f3bki i przygotowania do druku. Bez tego [&hellip;]<\/p>\n","protected":false},"author":1,"featured_media":764,"parent":0,"menu_order":0,"comment_status":"closed","ping_status":"closed","template":"","meta":{"footnotes":""},"class_list":["post-21","page","type-page","status-publish","has-post-thumbnail","hentry"],"_links":{"self":[{"href":"https:\/\/elgraf.szczecin.pl\/index.php\/wp-json\/wp\/v2\/pages\/21","targetHints":{"allow":["GET"]}}],"collection":[{"href":"https:\/\/elgraf.szczecin.pl\/index.php\/wp-json\/wp\/v2\/pages"}],"about":[{"href":"https:\/\/elgraf.szczecin.pl\/index.php\/wp-json\/wp\/v2\/types\/page"}],"author":[{"embeddable":true,"href":"https:\/\/elgraf.szczecin.pl\/index.php\/wp-json\/wp\/v2\/users\/1"}],"replies":[{"embeddable":true,"href":"https:\/\/elgraf.szczecin.pl\/index.php\/wp-json\/wp\/v2\/comments?post=21"}],"version-history":[{"count":6,"href":"https:\/\/elgraf.szczecin.pl\/index.php\/wp-json\/wp\/v2\/pages\/21\/revisions"}],"predecessor-version":[{"id":899,"href":"https:\/\/elgraf.szczecin.pl\/index.php\/wp-json\/wp\/v2\/pages\/21\/revisions\/899"}],"wp:featuredmedia":[{"embeddable":true,"href":"https:\/\/elgraf.szczecin.pl\/index.php\/wp-json\/wp\/v2\/media\/764"}],"wp:attachment":[{"href":"https:\/\/elgraf.szczecin.pl\/index.php\/wp-json\/wp\/v2\/media?parent=21"}],"curies":[{"name":"wp","href":"https:\/\/api.w.org\/{rel}","templated":true}]}}