{"id":1492,"date":"2019-12-13T20:03:34","date_gmt":"2019-12-13T19:03:34","guid":{"rendered":"http:\/\/elgraf.szczecin.pl\/?page_id=1492"},"modified":"2019-12-13T20:14:00","modified_gmt":"2019-12-13T19:14:00","slug":"firma-2","status":"publish","type":"page","link":"https:\/\/elgraf.szczecin.pl\/index.php\/firma-2\/","title":{"rendered":"Firma"},"content":{"rendered":"\n<div class=\"wp-block-themeisle-blocks-advanced-columns has-1-columns has-desktop-equal-layout has-tablet-equal-layout has-mobile-equal-layout has-default-gap has-vertical-unset\" id=\"wp-block-themeisle-blocks-advanced-columns-22301a09\" style=\"border-width:0px;border-style:solid;border-color:#000000;border-radius:0px;justify-content:unset\"><div class=\"wp-themeisle-block-overlay\" style=\"opacity:0.5;mix-blend-mode:normal\"><\/div><div class=\"innerblocks-wrap\">\n<div class=\"wp-block-themeisle-blocks-advanced-column\" id=\"wp-block-themeisle-blocks-advanced-column-84f218da\" style=\"border-width:0px;border-style:solid;border-color:#000000;border-radius:0px\">\n<p>Szanowni Pa\u0144stwo<\/p>\n\n\n\n<p>Firm\u0119 ELGRAF prowadz\u0119 od 1996 roku. Dzia\u0142alno\u015b\u0107 od pocz\u0105tku by\u0142a nastawiona na produkcj\u0119 gad\u017cet\u00f3w reklamowych oraz wszystkiego co jest zwi\u0105zane ze znakowaniem przedmiot\u00f3w.<\/p>\n\n\n\n<p>Z biegiem czasu pracownia moja sta\u0142a si\u0119 firm\u0105 nie tylko potrafi\u0105c\u0105 drukowa\u0107 ale tak\u017ce zaopatrywa\u0107 rynek reklamowy w szeroki asortyment artyku\u0142\u00f3w promocyjnych. Klientami s\u0105 tak\u017ce firmy przemys\u0142owe, kosmetyczne chc\u0105ce nanie\u015b\u0107 oznaczenia na swoje wyroby. Opracowanie graficzne s\u0105 oczywi\u015bcie integraln\u0105 cz\u0119\u015bci\u0105 dzia\u0142alno\u015bci.Zdobywaj\u0105c coraz wi\u0119ksze do\u015bwiadczenie z zakresu tampodruku, sitodruku, t\u0142oczenia opraw introligatorskich oraz dostarczania gad\u017cet\u00f3w reklamowych jestem w stanie sprosta\u0107 wymaganiom dzisiejszego rynku zapewniaj\u0105c przy tym bardzo dobr\u0105 jako\u015b\u0107, rozs\u0105dn\u0105 cen\u0119, dobre terminy i wyj\u0105tkow\u0105 sumienno\u015b\u0107 wykonywanych zlece\u0144.<\/p>\n\n\n\n<p>Zapraszam serdecznie do wsp\u00f3\u0142pracy<\/p>\n\n\n\n<p>Leszek Ordon<\/p>\n<\/div>\n<\/div><\/div>\n","protected":false},"excerpt":{"rendered":"","protected":false},"author":1,"featured_media":0,"parent":0,"menu_order":0,"comment_status":"closed","ping_status":"closed","template":"","meta":{"footnotes":""},"class_list":["post-1492","page","type-page","status-publish","hentry"],"_links":{"self":[{"href":"https:\/\/elgraf.szczecin.pl\/index.php\/wp-json\/wp\/v2\/pages\/1492","targetHints":{"allow":["GET"]}}],"collection":[{"href":"https:\/\/elgraf.szczecin.pl\/index.php\/wp-json\/wp\/v2\/pages"}],"about":[{"href":"https:\/\/elgraf.szczecin.pl\/index.php\/wp-json\/wp\/v2\/types\/page"}],"author":[{"embeddable":true,"href":"https:\/\/elgraf.szczecin.pl\/index.php\/wp-json\/wp\/v2\/users\/1"}],"replies":[{"embeddable":true,"href":"https:\/\/elgraf.szczecin.pl\/index.php\/wp-json\/wp\/v2\/comments?post=1492"}],"version-history":[{"count":3,"href":"https:\/\/elgraf.szczecin.pl\/index.php\/wp-json\/wp\/v2\/pages\/1492\/revisions"}],"predecessor-version":[{"id":1498,"href":"https:\/\/elgraf.szczecin.pl\/index.php\/wp-json\/wp\/v2\/pages\/1492\/revisions\/1498"}],"wp:attachment":[{"href":"https:\/\/elgraf.szczecin.pl\/index.php\/wp-json\/wp\/v2\/media?parent=1492"}],"curies":[{"name":"wp","href":"https:\/\/api.w.org\/{rel}","templated":true}]}}