{"id":14,"date":"2019-07-18T18:17:21","date_gmt":"2019-07-18T18:17:21","guid":{"rendered":"http:\/\/ordon.space\/?page_id=14"},"modified":"2021-08-08T19:05:38","modified_gmt":"2021-08-08T17:05:38","slug":"sitodruk","status":"publish","type":"page","link":"https:\/\/elgraf.szczecin.pl\/index.php\/sitodruk\/","title":{"rendered":"Sitodruk"},"content":{"rendered":"\n<h2 class=\"wp-block-heading\"><span style=\"color: #ffda99;\">BEZPO\u015aREDNI<\/span><\/h2>\n\n\n\n<p class=\"has-text-align-left\">Technika druku pozwalaj\u0105ca znakowa\u0107 przedmioty p\u0142askie o wi\u0119kszych gabarytach. Materia\u0142em mo\u017ce by\u0107 papier, plastik, tkaniny. W zale\u017cno\u015bci od potrzeb stosujemy farby wodne, plastizole i rozpuszczalnikowe.<\/p>\n\n\n\n<p>T\u0105 technik\u0105 mo\u017cemy zadrukowa\u0107:&nbsp;<\/p>\n\n\n\n<ul class=\"wp-block-list\"><li>&nbsp;torby papierowe, bawe\u0142niane lub foliowe<\/li><li>&nbsp;koszulki, kurtki, ubrania, kamizelki<\/li><li>&nbsp;kalendarze, kartki, notesy<\/li><li>&nbsp;p\u0142yty z PCV, plexi, PP<\/li><li>&nbsp;karton, papier, folia samoprzylepna&nbsp;<\/li><li>&nbsp;parasole<\/li><li>&nbsp;elementy przemys\u0142owe<\/li><li>&nbsp;inne przedmioty po wcze\u015bniejszym uzgodnieniu<\/li><\/ul>\n\n\n\n<h2 class=\"wp-block-heading\"><span style=\"color: #ffda99;\">TRANSFER<\/span><\/h2>\n\n\n\n<p class=\"has-text-align-left\">TRANSFER PLASTIZOLOWY to doskona\u0142y spos\u00f3b zadrukowania bawe\u0142ny, poliestru, ich mieszanek oraz innych tkanin i filcu. Sam druk wykonywany jest na papierze transferowy w lustrzanym odbiciu. Nast\u0119pnie powlekany dodatkow\u0105 warstw\u0105 kleju elastycznego i \u017celowany. Nadruk przenoszony jest za pomoc\u0105 prasy. Daje to w efekcie ko\u0144cowym zdobienie bardzo trwa\u0142e, o znakomitym kryciu, \u017cywych kolorach i satynowej g\u0142adkiej powierzchni.<\/p>\n\n\n\n<p class=\"has-text-align-left\">Wykonujemy us\u0142ugowo transfery do samodzielnego wgrzewania w\u0142asnymi prasami. Standardowe w formacie 285 x 310 mm. Wielokolorowe precyzyjne oraz CMYK wykonujemy na folii w formacie 210 x 310 mm. Mieszamy kolory w systemie PANTONE.<\/p>\n\n\n\n<p class=\"has-text-align-left\">Oczywi\u015bcie wykonujemy te\u017c nadruki na gotowo do formatu 285 x 360 mm.<\/p>\n","protected":false},"excerpt":{"rendered":"<p>BEZPO\u015aREDNI Technika druku pozwalaj\u0105ca znakowa\u0107 przedmioty p\u0142askie o wi\u0119kszych gabarytach. Materia\u0142em mo\u017ce by\u0107 papier, plastik, tkaniny. W zale\u017cno\u015bci od potrzeb [&hellip;]<\/p>\n","protected":false},"author":1,"featured_media":870,"parent":0,"menu_order":0,"comment_status":"closed","ping_status":"closed","template":"","meta":{"footnotes":""},"class_list":["post-14","page","type-page","status-publish","has-post-thumbnail","hentry"],"_links":{"self":[{"href":"https:\/\/elgraf.szczecin.pl\/index.php\/wp-json\/wp\/v2\/pages\/14","targetHints":{"allow":["GET"]}}],"collection":[{"href":"https:\/\/elgraf.szczecin.pl\/index.php\/wp-json\/wp\/v2\/pages"}],"about":[{"href":"https:\/\/elgraf.szczecin.pl\/index.php\/wp-json\/wp\/v2\/types\/page"}],"author":[{"embeddable":true,"href":"https:\/\/elgraf.szczecin.pl\/index.php\/wp-json\/wp\/v2\/users\/1"}],"replies":[{"embeddable":true,"href":"https:\/\/elgraf.szczecin.pl\/index.php\/wp-json\/wp\/v2\/comments?post=14"}],"version-history":[{"count":21,"href":"https:\/\/elgraf.szczecin.pl\/index.php\/wp-json\/wp\/v2\/pages\/14\/revisions"}],"predecessor-version":[{"id":2858,"href":"https:\/\/elgraf.szczecin.pl\/index.php\/wp-json\/wp\/v2\/pages\/14\/revisions\/2858"}],"wp:featuredmedia":[{"embeddable":true,"href":"https:\/\/elgraf.szczecin.pl\/index.php\/wp-json\/wp\/v2\/media\/870"}],"wp:attachment":[{"href":"https:\/\/elgraf.szczecin.pl\/index.php\/wp-json\/wp\/v2\/media?parent=14"}],"curies":[{"name":"wp","href":"https:\/\/api.w.org\/{rel}","templated":true}]}}