{"id":130,"date":"2019-03-06T15:19:55","date_gmt":"2019-03-06T15:19:55","guid":{"rendered":"https:\/\/demo.themeisle.com\/neve-shop\/?page_id=130"},"modified":"2020-01-28T23:29:52","modified_gmt":"2020-01-28T22:29:52","slug":"contact","status":"publish","type":"page","link":"https:\/\/elgraf.szczecin.pl\/index.php\/contact\/","title":{"rendered":"Kontakt"},"content":{"rendered":"<form id=\"content-form-2eb19bb\" action=\"https:\/\/elgraf.szczecin.pl\/wp-admin\/admin-post.php\" method=\"post\" name=\"content-form-2eb19bb\"><input id=\"_wpnonce_contact\" name=\"_wpnonce_contact\" type=\"hidden\" value=\"e710d33889\" \/><input name=\"_wp_http_referer\" type=\"hidden\" value=\"\/wp-admin\/admin-ajax.php\" \/><input name=\"action\" type=\"hidden\" value=\"content_form_submit\" \/><input name=\"form-type\" type=\"hidden\" value=\"contact\" \/><input name=\"form-builder\" type=\"hidden\" value=\"elementor\" \/><input name=\"post-id\" type=\"hidden\" value=\"130\" \/><input name=\"form-id\" type=\"hidden\" value=\"2eb19bb\" \/><\/form>\n\n<div class=\"wpcf7 no-js\" id=\"wpcf7-f1500-o1\" lang=\"pl-PL\" dir=\"ltr\" data-wpcf7-id=\"1500\">\n<div class=\"screen-reader-response\"><p role=\"status\" aria-live=\"polite\" aria-atomic=\"true\"><\/p> <ul><\/ul><\/div>\n<form action=\"\/index.php\/wp-json\/wp\/v2\/pages\/130#wpcf7-f1500-o1\" method=\"post\" class=\"wpcf7-form init wpcf7-acceptance-as-validation\" aria-label=\"Formularz kontaktowy\" novalidate=\"novalidate\" data-status=\"init\">\n<fieldset class=\"hidden-fields-container\"><input type=\"hidden\" name=\"_wpcf7\" value=\"1500\" \/><input type=\"hidden\" name=\"_wpcf7_version\" value=\"6.1.2\" \/><input type=\"hidden\" name=\"_wpcf7_locale\" value=\"pl_PL\" \/><input type=\"hidden\" name=\"_wpcf7_unit_tag\" value=\"wpcf7-f1500-o1\" \/><input type=\"hidden\" name=\"_wpcf7_container_post\" value=\"0\" \/><input type=\"hidden\" name=\"_wpcf7_posted_data_hash\" value=\"\" \/><input type=\"hidden\" name=\"_wpcf7_recaptcha_response\" value=\"\" \/>\n<\/fieldset>\n<p><label> Imi\u0119 i nazwisko *<br \/>\n<span class=\"wpcf7-form-control-wrap\" data-name=\"your-name\"><input size=\"40\" maxlength=\"400\" class=\"wpcf7-form-control wpcf7-text wpcf7-validates-as-required\" aria-required=\"true\" aria-invalid=\"false\" value=\"\" type=\"text\" name=\"your-name\" \/><\/span> <\/label>\n<\/p>\n<p><label> Adres email *<br \/>\n<span class=\"wpcf7-form-control-wrap\" data-name=\"your-email\"><input size=\"40\" maxlength=\"400\" class=\"wpcf7-form-control wpcf7-email wpcf7-validates-as-required wpcf7-text wpcf7-validates-as-email\" aria-required=\"true\" aria-invalid=\"false\" value=\"\" type=\"email\" name=\"your-email\" \/><\/span> <\/label>\n<\/p>\n<p><label> Temat<br \/>\n<span class=\"wpcf7-form-control-wrap\" data-name=\"your-subject\"><input size=\"40\" maxlength=\"400\" class=\"wpcf7-form-control wpcf7-text\" aria-invalid=\"false\" value=\"\" type=\"text\" name=\"your-subject\" \/><\/span> <\/label>\n<\/p>\n<p><label> Tre\u015b\u0107 wiadomo\u015bci<br \/>\n<span class=\"wpcf7-form-control-wrap\" data-name=\"your-message\"><textarea cols=\"40\" rows=\"10\" maxlength=\"2000\" class=\"wpcf7-form-control wpcf7-textarea\" aria-invalid=\"false\" name=\"your-message\"><\/textarea><\/span> <\/label>\n<\/p>\n<p><span class=\"wpcf7-form-control-wrap\" data-name=\"your-consent\"><span class=\"wpcf7-form-control wpcf7-acceptance\"><span class=\"wpcf7-list-item\"><label><input type=\"checkbox\" name=\"your-consent\" value=\"1\" aria-invalid=\"false\" \/><span class=\"wpcf7-list-item-label\">Wyra\u017cam zgod\u0119 na przetwarzanie moich danych osobowych przez ELGRAF Leszek Ordon.<\/span><\/label><\/span><\/span><\/span>\n<\/p>\n<p><input class=\"wpcf7-form-control wpcf7-submit has-spinner\" type=\"submit\" value=\"Wy\u015blij\" \/>\n<\/p><div class=\"wpcf7-response-output\" aria-hidden=\"true\"><\/div>\n<\/form>\n<\/div>\n\n\n\n<iframe src=\"https:\/\/www.google.com\/maps\/embed?pb=!1m18!1m12!1m3!1d2376.6346104253603!2d14.567898316167637!3d53.43924117544951!2m3!1f0!2f0!3f0!3m2!1i1024!2i768!4f13.1!3m3!1m2!1s0x47aa09715d464e93%3A0xec4289de19a151c2!2sElgraf.%20Ordon%20L.!5e0!3m2!1spl!2spl!4v1580250417156!5m2!1spl!2spl\" width=\"100%\" height=\"450\" frameborder=\"0\" style=\"border:0;\" allowfullscreen=\"\"><\/iframe>\n\n\n\n<p><\/p>\n","protected":false},"excerpt":{"rendered":"","protected":false},"author":1,"featured_media":1507,"parent":0,"menu_order":0,"comment_status":"closed","ping_status":"closed","template":"","meta":{"footnotes":""},"class_list":["post-130","page","type-page","status-publish","has-post-thumbnail","hentry"],"_links":{"self":[{"href":"https:\/\/elgraf.szczecin.pl\/index.php\/wp-json\/wp\/v2\/pages\/130","targetHints":{"allow":["GET"]}}],"collection":[{"href":"https:\/\/elgraf.szczecin.pl\/index.php\/wp-json\/wp\/v2\/pages"}],"about":[{"href":"https:\/\/elgraf.szczecin.pl\/index.php\/wp-json\/wp\/v2\/types\/page"}],"author":[{"embeddable":true,"href":"https:\/\/elgraf.szczecin.pl\/index.php\/wp-json\/wp\/v2\/users\/1"}],"replies":[{"embeddable":true,"href":"https:\/\/elgraf.szczecin.pl\/index.php\/wp-json\/wp\/v2\/comments?post=130"}],"version-history":[{"count":19,"href":"https:\/\/elgraf.szczecin.pl\/index.php\/wp-json\/wp\/v2\/pages\/130\/revisions"}],"predecessor-version":[{"id":2731,"href":"https:\/\/elgraf.szczecin.pl\/index.php\/wp-json\/wp\/v2\/pages\/130\/revisions\/2731"}],"wp:featuredmedia":[{"embeddable":true,"href":"https:\/\/elgraf.szczecin.pl\/index.php\/wp-json\/wp\/v2\/media\/1507"}],"wp:attachment":[{"href":"https:\/\/elgraf.szczecin.pl\/index.php\/wp-json\/wp\/v2\/media?parent=130"}],"curies":[{"name":"wp","href":"https:\/\/api.w.org\/{rel}","templated":true}]}}