{"id":12,"date":"2019-07-18T18:15:52","date_gmt":"2019-07-18T18:15:52","guid":{"rendered":"http:\/\/ordon.space\/?page_id=12"},"modified":"2021-08-08T18:59:27","modified_gmt":"2021-08-08T16:59:27","slug":"tampodruk","status":"publish","type":"page","link":"https:\/\/elgraf.szczecin.pl\/index.php\/tampodruk\/","title":{"rendered":"Tampodruk"},"content":{"rendered":"\n<p>Technika znakowania pozwalaj\u0105ca nanie\u015b\u0107 informacje na bardzo szeroka gam\u0119 gad\u017cet\u00f3w reklamowych, artyku\u0142\u00f3w przemys\u0142owych oraz przedmiot\u00f3w codziennego u\u017cytku, wykonanych z plastiku (w\u0142\u0105cznie z PP), drewna, szk\u0142a i metalu i innych. Wysoka rozdzielczo\u015b\u0107 druku umo\u017cliwia drukowanie bardzo drobnych szczeg\u00f3\u0142\u00f3w. Maksymalny format nadruku to 60 x 80 mm. Do\u015bwiadczenie i park maszynowy pozwalaj\u0105 na druk jedno lub wielokolorowy na przedmiotach prostych jak i bardzo wymy\u015blnych.<\/p>\n\n\n\n<p>T\u0105 technik\u0105 mo\u017cemy zadrukowa\u0107:<\/p>\n\n\n\n<ul class=\"wp-block-list\"><li>d\u0142ugopisy, o\u0142\u00f3wki, kredki<\/li><li>zapalniczki<\/li><li>breloki w tym p\u0142ywaj\u0105ce<\/li><li>etui, wizytowniki<\/li><li>zegary, termometry, stacje meteo, kalkulatory<\/li><li>huby, pami\u0119ci USB, powerbanki, myszki<\/li><li>notesy, kalendarze<\/li><li>teczki, ok\u0142adki<\/li><li>kubki szklane, metalowe i termiczne<\/li><li>antystresy<\/li><li>opaski odblaskowe<\/li><li>pi\u0142ki golfowe<\/li><li>wiele innych \u015brodk\u00f3w reklamy<\/li><li>przedmioty codziennego u\u017cytku<\/li><li>opakowania kosmetyczne<\/li><li>obudowy r\u00f3\u017cnych urz\u0105dze\u0144<\/li><li>inne przedmioty po wcze\u015bniejszym uzgodnieniu<\/li><\/ul>\n","protected":false},"excerpt":{"rendered":"<p>Technika znakowania pozwalaj\u0105ca nanie\u015b\u0107 informacje na bardzo szeroka gam\u0119 gad\u017cet\u00f3w reklamowych, artyku\u0142\u00f3w przemys\u0142owych oraz przedmiot\u00f3w codziennego u\u017cytku, wykonanych z plastiku [&hellip;]<\/p>\n","protected":false},"author":1,"featured_media":2726,"parent":0,"menu_order":0,"comment_status":"closed","ping_status":"closed","template":"","meta":{"footnotes":""},"class_list":["post-12","page","type-page","status-publish","has-post-thumbnail","hentry"],"_links":{"self":[{"href":"https:\/\/elgraf.szczecin.pl\/index.php\/wp-json\/wp\/v2\/pages\/12","targetHints":{"allow":["GET"]}}],"collection":[{"href":"https:\/\/elgraf.szczecin.pl\/index.php\/wp-json\/wp\/v2\/pages"}],"about":[{"href":"https:\/\/elgraf.szczecin.pl\/index.php\/wp-json\/wp\/v2\/types\/page"}],"author":[{"embeddable":true,"href":"https:\/\/elgraf.szczecin.pl\/index.php\/wp-json\/wp\/v2\/users\/1"}],"replies":[{"embeddable":true,"href":"https:\/\/elgraf.szczecin.pl\/index.php\/wp-json\/wp\/v2\/comments?post=12"}],"version-history":[{"count":20,"href":"https:\/\/elgraf.szczecin.pl\/index.php\/wp-json\/wp\/v2\/pages\/12\/revisions"}],"predecessor-version":[{"id":2851,"href":"https:\/\/elgraf.szczecin.pl\/index.php\/wp-json\/wp\/v2\/pages\/12\/revisions\/2851"}],"wp:featuredmedia":[{"embeddable":true,"href":"https:\/\/elgraf.szczecin.pl\/index.php\/wp-json\/wp\/v2\/media\/2726"}],"wp:attachment":[{"href":"https:\/\/elgraf.szczecin.pl\/index.php\/wp-json\/wp\/v2\/media?parent=12"}],"curies":[{"name":"wp","href":"https:\/\/api.w.org\/{rel}","templated":true}]}}